{"id":46,"date":"2022-06-27T13:54:46","date_gmt":"2022-06-27T13:54:46","guid":{"rendered":"https:\/\/www.eh-tu.cz\/?page_id=46"},"modified":"2026-01-30T10:50:10","modified_gmt":"2026-01-30T10:50:10","slug":"chovatelska-stanice-eh-tu","status":"publish","type":"page","link":"https:\/\/www.eh-tu.cz\/","title":{"rendered":"V\u00edtejte na str\u00e1nk\u00e1ch chovatelsk\u00e9 stanice Eh-T\u00fa."},"content":{"rendered":"\n<p class=\"has-vivid-red-color has-text-color has-link-color has-medium-font-size wp-elements-9ae9791c9d9a830a4d318a339ef77c72\">M\u00e1me \u0161t\u011b\u0148\u00e1tka &#8211; zima 2025 &#8211; v\u00edce v sekci &#8222;\u0160t\u011b\u0148ata :-)&#8220;<\/p>\n\n\n\n<p class=\"has-vivid-red-color has-text-color has-link-color has-medium-font-size wp-elements-89c0897f668c445c3bf10f2af1913c91\"><\/p>\n\n\n\n<figure class=\"wp-block-image size-large is-resized\"><img loading=\"lazy\" decoding=\"async\" width=\"1024\" height=\"683\" src=\"http:\/\/www.eh-tu.cz\/wp-content\/uploads\/2024\/09\/IMG_0035-1024x683.jpg\" alt=\"\" class=\"wp-image-516\" style=\"width:837px;height:auto\" srcset=\"https:\/\/www.eh-tu.cz\/wp-content\/uploads\/2024\/09\/IMG_0035-1024x683.jpg 1024w, https:\/\/www.eh-tu.cz\/wp-content\/uploads\/2024\/09\/IMG_0035-300x200.jpg 300w, https:\/\/www.eh-tu.cz\/wp-content\/uploads\/2024\/09\/IMG_0035-768x512.jpg 768w, https:\/\/www.eh-tu.cz\/wp-content\/uploads\/2024\/09\/IMG_0035-1536x1024.jpg 1536w, https:\/\/www.eh-tu.cz\/wp-content\/uploads\/2024\/09\/IMG_0035-2048x1365.jpg 2048w\" sizes=\"auto, (max-width: 1024px) 100vw, 1024px\" \/><\/figure>\n\n\n\n<hr class=\"wp-block-separator has-alpha-channel-opacity\"\/>\n\n\n\n<h4 class=\"wp-block-heading\" style=\"font-size:15px;font-style:normal;font-weight:100\">&#8220; I\u00b4ve seen a look in dogs\u00b4 eyes , a quickly vanishing look of amazed contempt,<\/h4>\n\n\n\n<h4 class=\"wp-block-heading\" style=\"font-size:15px;font-style:normal;font-weight:100\">and I am convinced that basically dogs think humans are nuts.&#8220;<\/h4>\n\n\n\n<div class=\"wp-block-group\" style=\"font-size:15px;font-style:normal;font-weight:700\"><div class=\"wp-block-group__inner-container is-layout-flow wp-block-group-is-layout-flow\">\n<p class=\"has-medium-font-size\" style=\"font-style:normal;font-weight:700\"><br>&#8220; Spat\u0159il jsem v ps\u00edch o\u010d\u00edch prchav\u00fd v\u00fdraz pobaven\u00e9ho pohrd\u00e1n\u00ed a jsem p\u0159esv\u011bd\u010den,<\/p>\n\n\n\n<h4 class=\"wp-block-heading has-medium-font-size\" style=\"font-style:normal;font-weight:700\">\u017ee psi si v podstat\u011b mysl\u00ed, \u017ee lid\u00e9 jsou bl\u00e1zni&#8220;<\/h4>\n\n\n\n<h4 class=\"wp-block-heading has-small-font-size\"> = John Steinback =<br><\/h4>\n<\/div><\/div>\n\n\n\n<figure class=\"wp-block-image size-large is-resized\"><img loading=\"lazy\" decoding=\"async\" width=\"1024\" height=\"703\" src=\"https:\/\/www.eh-tu.cz\/wp-content\/uploads\/2022\/07\/chovatel-1024x703.jpg\" alt=\"\" class=\"wp-image-127\" srcset=\"https:\/\/www.eh-tu.cz\/wp-content\/uploads\/2022\/07\/chovatel-1024x703.jpg 1024w, https:\/\/www.eh-tu.cz\/wp-content\/uploads\/2022\/07\/chovatel-300x206.jpg 300w, https:\/\/www.eh-tu.cz\/wp-content\/uploads\/2022\/07\/chovatel-768x528.jpg 768w, https:\/\/www.eh-tu.cz\/wp-content\/uploads\/2022\/07\/chovatel-1536x1055.jpg 1536w, https:\/\/www.eh-tu.cz\/wp-content\/uploads\/2022\/07\/chovatel-2048x1407.jpg 2048w\" sizes=\"auto, (max-width: 1024px) 100vw, 1024px\" \/><\/figure>\n","protected":false},"excerpt":{"rendered":"<p>M\u00e1me \u0161t\u011b\u0148\u00e1tka &#8211; zima 2025 &#8211; v\u00edce v sekci &#8222;\u0160t\u011b\u0148ata :-)&#8220; &#8220; I\u00b4ve seen a look in dogs\u00b4 eyes , a quickly vanishing look of amazed contempt, and I am convinced that basically dogs think humans are nuts.&#8220; &#8220; Spat\u0159il jsem v ps\u00edch o\u010d\u00edch prchav\u00fd v\u00fdraz pobaven\u00e9ho pohrd\u00e1n\u00ed a jsem p\u0159esv\u011bd\u010den, \u017ee psi si v [&hellip;]<\/p>\n","protected":false},"author":1,"featured_media":0,"parent":0,"menu_order":0,"comment_status":"closed","ping_status":"closed","template":"","meta":{"footnotes":""},"class_list":["post-46","page","type-page","status-publish","hentry"],"_links":{"self":[{"href":"https:\/\/www.eh-tu.cz\/index.php?rest_route=\/wp\/v2\/pages\/46","targetHints":{"allow":["GET"]}}],"collection":[{"href":"https:\/\/www.eh-tu.cz\/index.php?rest_route=\/wp\/v2\/pages"}],"about":[{"href":"https:\/\/www.eh-tu.cz\/index.php?rest_route=\/wp\/v2\/types\/page"}],"author":[{"embeddable":true,"href":"https:\/\/www.eh-tu.cz\/index.php?rest_route=\/wp\/v2\/users\/1"}],"replies":[{"embeddable":true,"href":"https:\/\/www.eh-tu.cz\/index.php?rest_route=%2Fwp%2Fv2%2Fcomments&post=46"}],"version-history":[{"count":63,"href":"https:\/\/www.eh-tu.cz\/index.php?rest_route=\/wp\/v2\/pages\/46\/revisions"}],"predecessor-version":[{"id":642,"href":"https:\/\/www.eh-tu.cz\/index.php?rest_route=\/wp\/v2\/pages\/46\/revisions\/642"}],"wp:attachment":[{"href":"https:\/\/www.eh-tu.cz\/index.php?rest_route=%2Fwp%2Fv2%2Fmedia&parent=46"}],"curies":[{"name":"wp","href":"https:\/\/api.w.org\/{rel}","templated":true}]}}