{"id":91,"date":"2022-06-27T15:18:47","date_gmt":"2022-06-27T15:18:47","guid":{"rendered":"https:\/\/www.eh-tu.cz\/?page_id=91"},"modified":"2024-08-08T09:37:58","modified_gmt":"2024-08-08T09:37:58","slug":"fotky","status":"publish","type":"page","link":"https:\/\/www.eh-tu.cz\/?page_id=91","title":{"rendered":"Fotky"},"content":{"rendered":"\n<p><\/p>\n\n\n\n<div class=\"wp-block-group\"><div class=\"wp-block-group__inner-container is-layout-flow wp-block-group-is-layout-flow\">\n<div class=\"wp-block-group\"><div class=\"wp-block-group__inner-container is-layout-flow wp-block-group-is-layout-flow\">\n<figure class=\"wp-block-embed is-type-wp-embed is-provider-eh-tu-cz wp-block-embed-eh-tu-cz eh-tu.cz\"><div class=\"wp-block-embed__wrapper\">\n<blockquote class=\"wp-embedded-content\" data-secret=\"NAP7QUdM39\"><a href=\"https:\/\/www.eh-tu.cz\/?page_id=358\">Fotky &#8211; Bef<\/a><\/blockquote><iframe loading=\"lazy\" class=\"wp-embedded-content\" sandbox=\"allow-scripts\" security=\"restricted\" style=\"position: absolute; visibility: hidden;\" title=\"&#8222;Fotky &#8211; Bef&#8220; &#8212; eh-tu.cz\" src=\"https:\/\/www.eh-tu.cz\/?page_id=358&#038;embed=true#?secret=uzpQvoMOqs#?secret=NAP7QUdM39\" data-secret=\"NAP7QUdM39\" width=\"600\" height=\"338\" frameborder=\"0\" marginwidth=\"0\" marginheight=\"0\" scrolling=\"no\"><\/iframe>\n<\/div><\/figure>\n<\/div><\/div>\n<\/div><\/div>\n\n\n\n<div class=\"wp-block-group\"><div class=\"wp-block-group__inner-container is-layout-flow wp-block-group-is-layout-flow\">\n<div class=\"wp-block-group\"><div class=\"wp-block-group__inner-container is-layout-flow wp-block-group-is-layout-flow\">\n<figure class=\"wp-block-embed is-type-wp-embed is-provider-eh-tu-cz wp-block-embed-eh-tu-cz\"><div class=\"wp-block-embed__wrapper\">\n<blockquote class=\"wp-embedded-content\" data-secret=\"fNFdU3Ynk0\"><a href=\"https:\/\/www.eh-tu.cz\/?page_id=363\">Fotky &#8211; Belli<\/a><\/blockquote><iframe loading=\"lazy\" class=\"wp-embedded-content\" sandbox=\"allow-scripts\" security=\"restricted\" style=\"position: absolute; visibility: hidden;\" title=\"&#8222;Fotky &#8211; Belli&#8220; &#8212; eh-tu.cz\" src=\"https:\/\/www.eh-tu.cz\/?page_id=363&#038;embed=true#?secret=v30v8ob1FB#?secret=fNFdU3Ynk0\" data-secret=\"fNFdU3Ynk0\" width=\"600\" height=\"338\" frameborder=\"0\" marginwidth=\"0\" marginheight=\"0\" scrolling=\"no\"><\/iframe>\n<\/div><\/figure>\n\n\n\n<figure class=\"wp-block-embed is-type-wp-embed is-provider-eh-tu-cz wp-block-embed-eh-tu-cz\"><div class=\"wp-block-embed__wrapper\">\n<blockquote class=\"wp-embedded-content\" data-secret=\"j3yIDoZ05a\"><a href=\"https:\/\/www.eh-tu.cz\/?page_id=500\">Fotky &#8211; \u0160t\u011b\u0148ata &#8211; vrh A<\/a><\/blockquote><iframe loading=\"lazy\" class=\"wp-embedded-content\" sandbox=\"allow-scripts\" security=\"restricted\" style=\"position: absolute; visibility: hidden;\" title=\"&#8222;Fotky &#8211; \u0160t\u011b\u0148ata &#8211; vrh A&#8220; &#8212; eh-tu.cz\" src=\"https:\/\/www.eh-tu.cz\/?page_id=500&#038;embed=true#?secret=AVF6GNPt69#?secret=j3yIDoZ05a\" data-secret=\"j3yIDoZ05a\" width=\"600\" height=\"338\" frameborder=\"0\" marginwidth=\"0\" marginheight=\"0\" scrolling=\"no\"><\/iframe>\n<\/div><\/figure>\n<\/div><\/div>\n<\/div><\/div>\n\n\n\n<figure class=\"wp-block-embed is-type-wp-embed is-provider-eh-tu-cz wp-block-embed-eh-tu-cz\"><div class=\"wp-block-embed__wrapper\">\n<blockquote class=\"wp-embedded-content\" data-secret=\"6hatYPUckY\"><a href=\"https:\/\/www.eh-tu.cz\/?page_id=366\">Fotky &#8211; Ostatn\u00ed<\/a><\/blockquote><iframe loading=\"lazy\" class=\"wp-embedded-content\" sandbox=\"allow-scripts\" security=\"restricted\" style=\"position: absolute; visibility: hidden;\" title=\"&#8222;Fotky &#8211; Ostatn\u00ed&#8220; &#8212; eh-tu.cz\" src=\"https:\/\/www.eh-tu.cz\/?page_id=366&#038;embed=true#?secret=PvaENOg8sR#?secret=6hatYPUckY\" data-secret=\"6hatYPUckY\" width=\"600\" height=\"338\" frameborder=\"0\" marginwidth=\"0\" marginheight=\"0\" scrolling=\"no\"><\/iframe>\n<\/div><\/figure>\n","protected":false},"excerpt":{"rendered":"","protected":false},"author":1,"featured_media":0,"parent":0,"menu_order":0,"comment_status":"closed","ping_status":"closed","template":"","meta":{"footnotes":""},"class_list":["post-91","page","type-page","status-publish","hentry"],"_links":{"self":[{"href":"https:\/\/www.eh-tu.cz\/index.php?rest_route=\/wp\/v2\/pages\/91","targetHints":{"allow":["GET"]}}],"collection":[{"href":"https:\/\/www.eh-tu.cz\/index.php?rest_route=\/wp\/v2\/pages"}],"about":[{"href":"https:\/\/www.eh-tu.cz\/index.php?rest_route=\/wp\/v2\/types\/page"}],"author":[{"embeddable":true,"href":"https:\/\/www.eh-tu.cz\/index.php?rest_route=\/wp\/v2\/users\/1"}],"replies":[{"embeddable":true,"href":"https:\/\/www.eh-tu.cz\/index.php?rest_route=%2Fwp%2Fv2%2Fcomments&post=91"}],"version-history":[{"count":19,"href":"https:\/\/www.eh-tu.cz\/index.php?rest_route=\/wp\/v2\/pages\/91\/revisions"}],"predecessor-version":[{"id":509,"href":"https:\/\/www.eh-tu.cz\/index.php?rest_route=\/wp\/v2\/pages\/91\/revisions\/509"}],"wp:attachment":[{"href":"https:\/\/www.eh-tu.cz\/index.php?rest_route=%2Fwp%2Fv2%2Fmedia&parent=91"}],"curies":[{"name":"wp","href":"https:\/\/api.w.org\/{rel}","templated":true}]}}